{"id":40,"date":"2020-12-15T10:07:08","date_gmt":"2020-12-15T09:07:08","guid":{"rendered":"http:\/\/prodialog.cz.uvds454.active24.cz\/?page_id=40"},"modified":"2021-03-16T14:12:22","modified_gmt":"2021-03-16T13:12:22","slug":"full-service-und-beratung-fuer-ihren-erfolg","status":"publish","type":"page","link":"https:\/\/www.prodialog.cz\/de\/full-service-und-beratung-fuer-ihren-erfolg\/","title":{"rendered":"Leistungen"},"content":{"rendered":"<h1>Full Service und Beratung f\u00fcr Ihren Erfolg<\/h1>\n<ul>\n<li>F\u00fcr eine umfassende Direct-Mail Kampagne k\u00f6nnen wir folgende Dienstleistungen anbieten:<\/li>\n<li>Mailing-Konzept nach Briefing<\/li>\n<li>Terminplanung<\/li>\n<li>Text<\/li>\n<li>Grafik<\/li>\n<li>Selektion und Aufbereitung der Adressen<\/li>\n<li>Druck\/Produktion\/Produktions\u00fcberwachung personalisierung von Erlagscheinen, Briefen etc.<\/li>\n<li>Portooptimierung<\/li>\n<li>Lettershoparbeiten<\/li>\n<li>Postaufgabe<\/li>\n<li>Datenbank und Datenmanagement<\/li>\n<li>automatische und manuelles Erfassen aller Zahlungen und Kontakte<\/li>\n<li>Aktuelle Statistiken, Berichte und Empfehlungen f\u00fcr k\u00fcnftige Kampagnen<\/li>\n<\/ul>\n","protected":false},"excerpt":{"rendered":"<p>Full Service und Beratung f\u00fcr Ihren Erfolg F\u00fcr eine umfassende Direct-Mail Kampagne k\u00f6nnen wir folgende Dienstleistungen anbieten: Mailing-Konzept nach Briefing Terminplanung Text Grafik Selektion und Aufbereitung der Adressen Druck\/Produktion\/Produktions\u00fcberwachung personalisierung von Erlagscheinen, Briefen etc. Portooptimierung Lettershoparbeiten Postaufgabe Datenbank und Datenmanagement automatische und manuelles Erfassen aller Zahlungen und Kontakte Aktuelle Statistiken, Berichte und Empfehlungen f\u00fcr k\u00fcnftige <\/p>\n","protected":false},"author":1,"featured_media":189,"parent":0,"menu_order":0,"comment_status":"closed","ping_status":"closed","template":"","meta":[],"acf":[],"_links":{"self":[{"href":"https:\/\/www.prodialog.cz\/de\/wp-json\/wp\/v2\/pages\/40"}],"collection":[{"href":"https:\/\/www.prodialog.cz\/de\/wp-json\/wp\/v2\/pages"}],"about":[{"href":"https:\/\/www.prodialog.cz\/de\/wp-json\/wp\/v2\/types\/page"}],"author":[{"embeddable":true,"href":"https:\/\/www.prodialog.cz\/de\/wp-json\/wp\/v2\/users\/1"}],"replies":[{"embeddable":true,"href":"https:\/\/www.prodialog.cz\/de\/wp-json\/wp\/v2\/comments?post=40"}],"version-history":[{"count":5,"href":"https:\/\/www.prodialog.cz\/de\/wp-json\/wp\/v2\/pages\/40\/revisions"}],"predecessor-version":[{"id":85,"href":"https:\/\/www.prodialog.cz\/de\/wp-json\/wp\/v2\/pages\/40\/revisions\/85"}],"wp:featuredmedia":[{"embeddable":true,"href":"https:\/\/www.prodialog.cz\/de\/wp-json\/wp\/v2\/media\/189"}],"wp:attachment":[{"href":"https:\/\/www.prodialog.cz\/de\/wp-json\/wp\/v2\/media?parent=40"}],"curies":[{"name":"wp","href":"https:\/\/api.w.org\/{rel}","templated":true}]}}