{"id":42,"date":"2020-12-15T10:11:02","date_gmt":"2020-12-15T09:11:02","guid":{"rendered":"http:\/\/prodialog.cz.uvds454.active24.cz\/?page_id=42"},"modified":"2025-09-05T13:25:24","modified_gmt":"2025-09-05T11:25:24","slug":"datenbank","status":"publish","type":"page","link":"https:\/\/www.prodialog.cz\/de\/datenbank\/","title":{"rendered":"Datenbank"},"content":{"rendered":"<h1>Datenbank<\/h1>\n<p>Unsere Prosperus-Datenbank wurde speziell f\u00fcr gemeinn\u00fctzige Organisationen entwickelt. In \u00dcbereinstimmung mit der DSGVO \u00fcbernehmen wir das gesamte Datenmanagement vollst\u00e4ndig f\u00fcr Sie. Jede Adress\u00e4nderung, jedes Geschenk, jedes Mailing wird registriert. Sie werden immer wissen, wer wann und was finanziell beigetragen hat. Wir k\u00fcmmern uns auch um die Datensicherung, Adressauswahl und Weiterentwicklung auf allen Ebenen.<\/p>\n<p>Prosperus generiert die notwendigen Statistiken, Bewertungen und Berichte \u00fcber den Erfolg einzelner Kampagnen. Die speziell entwickelte Spenderbewertung, das sogenannte Scoring-Modell, optimiert Ihre Mailings und senkt die Kosten. Umfassende Ergebnisanalysen sind die Grundlage f\u00fcr die Entscheidung, wie, wann und mit wem Sie effektiv kommunizieren.<\/p>\n","protected":false},"excerpt":{"rendered":"<p>Datenbank Unsere Prosperus-Datenbank wurde speziell f\u00fcr gemeinn\u00fctzige Organisationen entwickelt. In \u00dcbereinstimmung mit der DSGVO \u00fcbernehmen wir das gesamte Datenmanagement vollst\u00e4ndig f\u00fcr Sie. Jede Adress\u00e4nderung, jedes Geschenk, jedes Mailing wird registriert. Sie werden immer wissen, wer wann und was finanziell beigetragen hat. Wir k\u00fcmmern uns auch um die Datensicherung, Adressauswahl und Weiterentwicklung auf allen Ebenen. Prosperus <\/p>\n","protected":false},"author":1,"featured_media":729,"parent":0,"menu_order":0,"comment_status":"closed","ping_status":"closed","template":"","meta":[],"acf":[],"_links":{"self":[{"href":"https:\/\/www.prodialog.cz\/de\/wp-json\/wp\/v2\/pages\/42"}],"collection":[{"href":"https:\/\/www.prodialog.cz\/de\/wp-json\/wp\/v2\/pages"}],"about":[{"href":"https:\/\/www.prodialog.cz\/de\/wp-json\/wp\/v2\/types\/page"}],"author":[{"embeddable":true,"href":"https:\/\/www.prodialog.cz\/de\/wp-json\/wp\/v2\/users\/1"}],"replies":[{"embeddable":true,"href":"https:\/\/www.prodialog.cz\/de\/wp-json\/wp\/v2\/comments?post=42"}],"version-history":[{"count":3,"href":"https:\/\/www.prodialog.cz\/de\/wp-json\/wp\/v2\/pages\/42\/revisions"}],"predecessor-version":[{"id":86,"href":"https:\/\/www.prodialog.cz\/de\/wp-json\/wp\/v2\/pages\/42\/revisions\/86"}],"wp:featuredmedia":[{"embeddable":true,"href":"https:\/\/www.prodialog.cz\/de\/wp-json\/wp\/v2\/media\/729"}],"wp:attachment":[{"href":"https:\/\/www.prodialog.cz\/de\/wp-json\/wp\/v2\/media?parent=42"}],"curies":[{"name":"wp","href":"https:\/\/api.w.org\/{rel}","templated":true}]}}