{"id":45,"date":"2020-12-15T10:20:18","date_gmt":"2020-12-15T09:20:18","guid":{"rendered":"http:\/\/prodialog.cz.uvds454.active24.cz\/?page_id=45"},"modified":"2026-03-31T11:56:41","modified_gmt":"2026-03-31T09:56:41","slug":"kontakt-2","status":"publish","type":"page","link":"https:\/\/www.prodialog.cz\/de\/kontakt-2\/","title":{"rendered":"Kontakt"},"content":{"rendered":"<h1>Kontakt<\/h1>\n<p>Fundraising f\u00fcr gemeinn\u00fctzige Zwecke ist unsere Welt. Wir unterst\u00fctzen Sie und Ihre Organisation mit modernen Fundraising-Methoden. Damit Ihre Projekte gelingen.<br \/>\nProdialog ist Teil eines internationalen Agentur-Netzwerkes \u2013 spezialisiert auf Dienstleistungen f\u00fcr das Fundraising.<\/p>\n<h2>PRODIALOG S.R.O.<\/h2>\n<p>\u0158\u00ed\u010dansk\u00e1 5, 101 00 Prag 10<br \/>\nTel.: <a href=\"tel:+420272690499\">+420 272 690 499<\/a><br \/>\nE-Mail: <a href=\"mailto:office@prodialog.cz\">office@prodialog.cz<\/a><\/p>\n<p>ID: 282 75 446, Mehrwertsteuer: CZ 282 75 446<br \/>\nAktenzeichen: C 165722, eingetragen beim Amtsgericht in Prag<\/p>\n","protected":false},"excerpt":{"rendered":"<p>Kontakt Fundraising f\u00fcr gemeinn\u00fctzige Zwecke ist unsere Welt. Wir unterst\u00fctzen Sie und Ihre Organisation mit modernen Fundraising-Methoden. Damit Ihre Projekte gelingen. Prodialog ist Teil eines internationalen Agentur-Netzwerkes \u2013 spezialisiert auf Dienstleistungen f\u00fcr das Fundraising. PRODIALOG S.R.O. \u0158\u00ed\u010dansk\u00e1 5, 101 00 Prag 10 Tel.: +420 272 690 499 E-Mail: office@prodialog.cz ID: 282 75 446, Mehrwertsteuer: CZ <\/p>\n","protected":false},"author":1,"featured_media":203,"parent":0,"menu_order":0,"comment_status":"closed","ping_status":"closed","template":"","meta":[],"acf":[],"_links":{"self":[{"href":"https:\/\/www.prodialog.cz\/de\/wp-json\/wp\/v2\/pages\/45"}],"collection":[{"href":"https:\/\/www.prodialog.cz\/de\/wp-json\/wp\/v2\/pages"}],"about":[{"href":"https:\/\/www.prodialog.cz\/de\/wp-json\/wp\/v2\/types\/page"}],"author":[{"embeddable":true,"href":"https:\/\/www.prodialog.cz\/de\/wp-json\/wp\/v2\/users\/1"}],"replies":[{"embeddable":true,"href":"https:\/\/www.prodialog.cz\/de\/wp-json\/wp\/v2\/comments?post=45"}],"version-history":[{"count":20,"href":"https:\/\/www.prodialog.cz\/de\/wp-json\/wp\/v2\/pages\/45\/revisions"}],"predecessor-version":[{"id":736,"href":"https:\/\/www.prodialog.cz\/de\/wp-json\/wp\/v2\/pages\/45\/revisions\/736"}],"wp:featuredmedia":[{"embeddable":true,"href":"https:\/\/www.prodialog.cz\/de\/wp-json\/wp\/v2\/media\/203"}],"wp:attachment":[{"href":"https:\/\/www.prodialog.cz\/de\/wp-json\/wp\/v2\/media?parent=45"}],"curies":[{"name":"wp","href":"https:\/\/api.w.org\/{rel}","templated":true}]}}